{"id":14637,"date":"2024-11-19T16:02:21","date_gmt":"2024-11-19T15:02:21","guid":{"rendered":"https:\/\/dharma-academy.it\/prodotto\/los-preceptos-de-los-bodhisattva\/"},"modified":"2024-12-11T18:06:40","modified_gmt":"2024-12-11T17:06:40","slug":"los-preceptos-de-los-bodhisattva","status":"publish","type":"product","link":"https:\/\/dharma-academy.it\/es\/curso\/los-preceptos-de-los-bodhisattva\/","title":{"rendered":"Los preceptos de los bodhisattva"},"content":{"rendered":"\n<div class=\"wp-block-pb-accordion-item c-accordion__item js-accordion-item no-js\" data-initially-open=\"false\" data-click-to-close=\"true\" data-auto-close=\"true\" data-scroll=\"false\" data-scroll-offset=\"0\"><h2 id=\"at-146370\" class=\"c-accordion__title js-accordion-controller\" role=\"button\">Unidad 1. La conducta virtuosa del Buda Sh\u0101kyamuni<\/h2><div id=\"ac-146370\" class=\"c-accordion__content\">\n<p>examina la conducta virtuosa del Buda Sh\u0101kyamuni, base de la \u00e9tica budista.<\/p>\n<\/div><\/div>\n\n\n\n<div class=\"wp-block-pb-accordion-item c-accordion__item js-accordion-item no-js\" data-initially-open=\"false\" data-click-to-close=\"true\" data-auto-close=\"true\" data-scroll=\"false\" data-scroll-offset=\"0\"><h2 id=\"at-146371\" class=\"c-accordion__title js-accordion-controller\" role=\"button\">Unidad 2. T\u00e9rminos clave de la \u00e9tica seg\u00fan la corriente principal del Dharma de Buda<\/h2><div id=\"ac-146371\" class=\"c-accordion__content\">\n<p>se abordar\u00e1n los t\u00e9rminos clave de la \u00e9tica seg\u00fan la corriente principal del Dharma.<\/p>\n<\/div><\/div>\n\n\n\n<div class=\"wp-block-pb-accordion-item c-accordion__item js-accordion-item no-js\" data-initially-open=\"false\" data-click-to-close=\"true\" data-auto-close=\"true\" data-scroll=\"false\" data-scroll-offset=\"0\"><h2 id=\"at-146372\" class=\"c-accordion__title js-accordion-controller\" role=\"button\">Unidad 3. Los factores saludables y contaminados de la mente<\/h2><div id=\"ac-146372\" class=\"c-accordion__content\">\n<p>profundiza en los factores saludables y contaminados de la mente, fundamentales para comprender el camino de la purificaci\u00f3n.<\/p>\n<\/div><\/div>\n\n\n\n<div class=\"wp-block-pb-accordion-item c-accordion__item js-accordion-item no-js\" data-initially-open=\"false\" data-click-to-close=\"true\" data-auto-close=\"true\" data-scroll=\"false\" data-scroll-offset=\"0\"><h2 id=\"at-146373\" class=\"c-accordion__title js-accordion-controller\" role=\"button\">Unidad 4. La Mente de la Iluminaci\u00f3n: la Bodhichitta<\/h2><div id=\"ac-146373\" class=\"c-accordion__content\">\n<p>se explora la Bodhichitta, la mente de la iluminaci\u00f3n, motor de la pr\u00e1ctica bodhisattvica.<\/p>\n<\/div><\/div>\n\n\n\n<div class=\"wp-block-pb-accordion-item c-accordion__item js-accordion-item no-js\" data-initially-open=\"false\" data-click-to-close=\"true\" data-auto-close=\"true\" data-scroll=\"false\" data-scroll-offset=\"0\"><h2 id=\"at-146374\" class=\"c-accordion__title js-accordion-controller\" role=\"button\">Unidad 5. Los Preceptos de los tesoros\u2028<\/h2><div id=\"ac-146374\" class=\"c-accordion__content\">\n<p>presenta los preceptos de los tesoros.<\/p>\n<\/div><\/div>\n\n\n\n<div class=\"wp-block-pb-accordion-item c-accordion__item js-accordion-item no-js\" data-initially-open=\"false\" data-click-to-close=\"true\" data-auto-close=\"true\" data-scroll=\"false\" data-scroll-offset=\"0\"><h2 id=\"at-146375\" class=\"c-accordion__title js-accordion-controller\" role=\"button\">Unidad 6. Los tres conjuntos de preceptos puros<\/h2><div id=\"ac-146375\" class=\"c-accordion__content\">\n<p>analiza los tres conjuntos de preceptos puros que estructuran la vida \u00e9tica del bodhisattva.<\/p>\n<\/div><\/div>\n\n\n\n<div class=\"wp-block-pb-accordion-item c-accordion__item js-accordion-item no-js\" data-initially-open=\"false\" data-click-to-close=\"true\" data-auto-close=\"true\" data-scroll=\"false\" data-scroll-offset=\"0\"><h2 id=\"at-146376\" class=\"c-accordion__title js-accordion-controller\" role=\"button\">Unidad 7. Los diez preceptos mayores de abstenci\u00f3n\u2028<\/h2><div id=\"ac-146376\" class=\"c-accordion__content\">\n<p>trata sobre los diez preceptos mayores de abstenci\u00f3n, esenciales para mantener la pureza en el camino.<\/p>\n<\/div><\/div>\n\n\n\n<div class=\"wp-block-pb-accordion-item c-accordion__item js-accordion-item no-js\" data-initially-open=\"false\" data-click-to-close=\"true\" data-auto-close=\"true\" data-scroll=\"false\" data-scroll-offset=\"0\"><h2 id=\"at-146377\" class=\"c-accordion__title js-accordion-controller\" role=\"button\">Unidad 8. La unidad del Zen y los preceptos<\/h2><div id=\"ac-146377\" class=\"c-accordion__content\">\n<p>reflexiona sobre la unidad entre el Zen y los preceptos, subrayando c\u00f3mo la pr\u00e1ctica de zazen y la \u00e9tica se integran en la vida del mon\u00e1stico y del laico dentro del Soto Zen<\/p>\n<\/div><\/div>\n\n\n\n<p><\/p>\n\n\n\n<p><\/p>\n","protected":false},"excerpt":{"rendered":"<p><span style=\"font-weight: 400;\">Este curso profundiza en los preceptos que gu\u00edan la vida de un bodhisattva dentro de la tradici\u00f3n Zen Soto, explorando su relevancia tanto en la pr\u00e1ctica espiritual como en la vida cotidiana. A trav\u00e9s de ocho unidades, se estudiar\u00e1n las ense\u00f1anzas clave sobre la conducta virtuosa, los principios \u00e9ticos fundamentales del Dharma de Buda y c\u00f3mo estos se reflejan en la vida del practicante Zen.<\/p>\n<p><\/span><\/p>\n<p><b>Unidad 1<\/b><span style=\"font-weight: 400;\"> examina la conducta virtuosa del Buda Sh\u0101kyamuni, base de la \u00e9tica budista. En <\/span><b>Unidad 2<\/b><span style=\"font-weight: 400;\">, se abordar\u00e1n los t\u00e9rminos clave de la \u00e9tica seg\u00fan la corriente principal del Dharma. La <\/span><b>Unidad 3<\/b><span style=\"font-weight: 400;\"> profundiza en los factores saludables y contaminados de la mente, fundamentales para comprender el camino de la purificaci\u00f3n. En <\/span><b>Unidad 4<\/b><span style=\"font-weight: 400;\">, se explora la Bodhichitta, la mente de la iluminaci\u00f3n, motor de la pr\u00e1ctica bodhisattvica.<br \/><\/span><b>Unidad 5<\/b><span style=\"font-weight: 400;\"> presenta los preceptos de los tesoros, mientras que la <\/span><b>Unidad 6<\/b><span style=\"font-weight: 400;\"> analiza los tres conjuntos de preceptos puros que estructuran la vida \u00e9tica del bodhisattva. La <\/span><b>Unidad 7<\/b><span style=\"font-weight: 400;\"> trata sobre los diez preceptos mayores de abstenci\u00f3n, esenciales para mantener la pureza en el camino. Finalmente, la <\/span><b>Unidad 8<\/b><span style=\"font-weight: 400;\"> reflexiona sobre la unidad entre el Zen y los preceptos, subrayando c\u00f3mo la pr\u00e1ctica de zazen y la \u00e9tica se integran en la vida del mon\u00e1stico y del laico dentro del Soto Zen.<\/span><\/p>\n<p><span style=\"font-weight: 400;\">Este curso brinda una comprensi\u00f3n integral de c\u00f3mo los preceptos bodhisattvicos no son solo normas de conducta, sino un camino hacia la transformaci\u00f3n personal y colectiva, alineando la pr\u00e1ctica de la meditaci\u00f3n con la \u00e9tica budista.<\/span><\/p>\n<p><span style=\"font-weight: 400;\">\u00a0<\/span><\/p>\n","protected":false},"featured_media":14627,"template":"","meta":{"_acf_changed":false,"give_campaign_id":0,"_bbp_topic_count":0,"_bbp_reply_count":0,"_bbp_total_topic_count":0,"_bbp_total_reply_count":0,"_bbp_voice_count":0,"_bbp_anonymous_reply_count":0,"_bbp_topic_count_hidden":0,"_bbp_reply_count_hidden":0,"_bbp_forum_subforum_count":0},"product_brand":[],"product_cat":[123],"product_tag":[],"class_list":{"0":"post-14637","1":"product","2":"type-product","3":"status-publish","4":"has-post-thumbnail","6":"product_cat-espanol","8":"first","9":"instock","10":"taxable","11":"shipping-taxable","12":"purchasable","13":"product-type-simple"},"acf":[],"_links":{"self":[{"href":"https:\/\/dharma-academy.it\/es\/wp-json\/wp\/v2\/product\/14637","targetHints":{"allow":["GET"]}}],"collection":[{"href":"https:\/\/dharma-academy.it\/es\/wp-json\/wp\/v2\/product"}],"about":[{"href":"https:\/\/dharma-academy.it\/es\/wp-json\/wp\/v2\/types\/product"}],"wp:featuredmedia":[{"embeddable":true,"href":"https:\/\/dharma-academy.it\/es\/wp-json\/wp\/v2\/media\/14627"}],"wp:attachment":[{"href":"https:\/\/dharma-academy.it\/es\/wp-json\/wp\/v2\/media?parent=14637"}],"wp:term":[{"taxonomy":"product_brand","embeddable":true,"href":"https:\/\/dharma-academy.it\/es\/wp-json\/wp\/v2\/product_brand?post=14637"},{"taxonomy":"product_cat","embeddable":true,"href":"https:\/\/dharma-academy.it\/es\/wp-json\/wp\/v2\/product_cat?post=14637"},{"taxonomy":"product_tag","embeddable":true,"href":"https:\/\/dharma-academy.it\/es\/wp-json\/wp\/v2\/product_tag?post=14637"}],"curies":[{"name":"wp","href":"https:\/\/api.w.org\/{rel}","templated":true}]}}